{"id":1833,"date":"2016-02-24T12:27:47","date_gmt":"2016-02-24T12:27:47","guid":{"rendered":"http:\/\/sktthemesdemo.net\/complete\/?page_id=1833"},"modified":"2020-03-14T23:31:17","modified_gmt":"2020-03-14T22:31:17","slug":"contact-layout-1","status":"publish","type":"page","link":"https:\/\/www.meri-s.com\/?page_id=1833","title":{"rendered":"Kontakt"},"content":{"rendered":"<p>Jednim klikom ili pozivom do ure\u0111enja doma.<br \/>Radimo namje\u0161taj po mjeri, prema Va\u0161im \u017eeljama i Va\u0161em prostoru.<br \/>Vi zamislite, mi pretvaramo u realnost.<br \/>Pozivom dolazimo na lice mjesta, uzimamo mjere i obavljamo potrebne dogovore.<\/p>\n<p>Po\u0161aljite nam poruku direktno preko formulara ili nas kontaktirajte putem <a href=\"tel:+38761851046\">Vibera<\/a> i <a href=\"https:\/\/www.facebook.com\/Plo\u010dasti-namje\u0161taj-po-\u017eelji-i-mjeri-Sadin-\u0110uhera-152402115529383\/\">Facebook<\/a><\/p>\n<p>\u00a0<\/p>\n\n<div role=\"form\" class=\"wpcf7\" id=\"wpcf7-f4188-o1\" lang=\"de-DE\" dir=\"ltr\">\n<div class=\"screen-reader-response\"><p role=\"status\" aria-live=\"polite\" aria-atomic=\"true\"><\/p> <ul><\/ul><\/div>\n<form action=\"\/index.php?rest_route=%2Fwp%2Fv2%2Fpages%2F1833#wpcf7-f4188-o1\" method=\"post\" class=\"wpcf7-form init\" novalidate=\"novalidate\" data-status=\"init\">\n<div style=\"display: none;\">\n<input type=\"hidden\" name=\"_wpcf7\" value=\"4188\" \/>\n<input type=\"hidden\" name=\"_wpcf7_version\" value=\"5.6.4\" \/>\n<input type=\"hidden\" name=\"_wpcf7_locale\" value=\"de_DE\" \/>\n<input type=\"hidden\" name=\"_wpcf7_unit_tag\" value=\"wpcf7-f4188-o1\" \/>\n<input type=\"hidden\" name=\"_wpcf7_container_post\" value=\"0\" \/>\n<input type=\"hidden\" name=\"_wpcf7_posted_data_hash\" value=\"\" \/>\n<\/div>\n<p><label> Va\u0161e ime (obavezno polje)<br \/>\n    <span class=\"wpcf7-form-control-wrap\" data-name=\"your-name\"><input type=\"text\" name=\"your-name\" value=\"\" size=\"40\" class=\"wpcf7-form-control wpcf7-text wpcf7-validates-as-required\" aria-required=\"true\" aria-invalid=\"false\" \/><\/span> <\/label><\/p>\n<p><label> Va\u0161a E-Mail-Adresa (obavezno polje)<br \/>\n    <span class=\"wpcf7-form-control-wrap\" data-name=\"your-email\"><input type=\"email\" name=\"your-email\" value=\"\" size=\"40\" class=\"wpcf7-form-control wpcf7-text wpcf7-email wpcf7-validates-as-required wpcf7-validates-as-email\" aria-required=\"true\" aria-invalid=\"false\" \/><\/span> <\/label><\/p>\n<p><label> Poruka<br \/>\n    <span class=\"wpcf7-form-control-wrap\" data-name=\"your-message\"><textarea name=\"your-message\" cols=\"40\" rows=\"10\" class=\"wpcf7-form-control wpcf7-textarea\" aria-invalid=\"false\"><\/textarea><\/span> <\/label><\/p>\n<p><input type=\"submit\" value=\"Po\u0161alji\" class=\"wpcf7-form-control has-spinner wpcf7-submit\" \/><\/p>\n<div class=\"wpcf7-response-output\" aria-hidden=\"true\"><\/div><\/form><\/div>\n    <!-- sktbuilder starter --><script type=\"text\/javascript\" src=\"https:\/\/www.meri-s.com\/wp-content\/plugins\/skt-builder\/sktbuilder\/sktbuilder-frontend-starter.js\"><\/script><script type=\"text\/javascript\" src=\"https:\/\/www.meri-s.com\/wp-content\/plugins\/skt-builder\/sktbuilder-wordpress-driver.js\"><\/script><script type=\"text\/javascript\"> var starter = new SktbuilderStarter({\"mode\": \"prod\", \"skip\":[\"jquery\",\"underscore\",\"backbone\"],\"sktbuilderUrl\": \"https:\/\/www.meri-s.com\/wp-content\/plugins\/skt-builder\/sktbuilder\/\", \"driver\": new SktbuilderWordpressDriver({\"ajaxUrl\": \"https:\/\/www.meri-s.com\/wp-admin\/admin-ajax.php\", \"iframeUrl\": \"https:\/\/www.meri-s.com\/?page_id=1833&sktbuilder=true\", \"pageId\": 1833, \"pages\": [{\"title\":\"Home\",\"url\":\"https:\\\/\\\/www.meri-s.com\\\/wp-admin\\\/post.php?post=3928&action=sktbuilder\"}], \"page\": \"Kontakt\" }) });<\/script><!-- end sktbuilder starter -->","protected":false},"excerpt":{"rendered":"<p>Jednim klikom ili pozivom do ure\u0111enja doma.Radimo namje\u0161taj po mjeri, prema Va\u0161im \u017eeljama i Va\u0161em prostoru.Vi zamislite, mi pretvaramo u realnost.Pozivom dolazimo na lice mjesta, uzimamo mjere i obavljamo potrebne dogovore. Po\u0161aljite nam poruku direktno preko formulara ili nas kontaktirajte putem Vibera i Facebook \u00a0<\/p>\n","protected":false},"author":1,"featured_media":0,"parent":0,"menu_order":0,"comment_status":"closed","ping_status":"closed","template":"templates\/contact-layout1.php","meta":{"footnotes":""},"class_list":["post-1833","page","type-page","status-publish","hentry"],"_links":{"self":[{"href":"https:\/\/www.meri-s.com\/index.php?rest_route=\/wp\/v2\/pages\/1833","targetHints":{"allow":["GET"]}}],"collection":[{"href":"https:\/\/www.meri-s.com\/index.php?rest_route=\/wp\/v2\/pages"}],"about":[{"href":"https:\/\/www.meri-s.com\/index.php?rest_route=\/wp\/v2\/types\/page"}],"author":[{"embeddable":true,"href":"https:\/\/www.meri-s.com\/index.php?rest_route=\/wp\/v2\/users\/1"}],"replies":[{"embeddable":true,"href":"https:\/\/www.meri-s.com\/index.php?rest_route=%2Fwp%2Fv2%2Fcomments&post=1833"}],"version-history":[{"count":8,"href":"https:\/\/www.meri-s.com\/index.php?rest_route=\/wp\/v2\/pages\/1833\/revisions"}],"predecessor-version":[{"id":4254,"href":"https:\/\/www.meri-s.com\/index.php?rest_route=\/wp\/v2\/pages\/1833\/revisions\/4254"}],"wp:attachment":[{"href":"https:\/\/www.meri-s.com\/index.php?rest_route=%2Fwp%2Fv2%2Fmedia&parent=1833"}],"curies":[{"name":"wp","href":"https:\/\/api.w.org\/{rel}","templated":true}]}}